{"id":46166,"date":"2018-08-21T10:26:10","date_gmt":"2018-08-21T13:26:10","guid":{"rendered":"https:\/\/admin-canais.cancaonova.com\/eventos\/?page_id=46166"},"modified":"2024-07-19T10:11:44","modified_gmt":"2024-07-19T13:11:44","slug":"agenciamento","status":"publish","type":"page","link":"https:\/\/admin-canais.cancaonova.com\/eventos\/agenciamento\/","title":{"rendered":"Agende a Miss\u00e3o Can\u00e7\u00e3o Nova em sua cidade"},"content":{"rendered":"<p>Entre em contato com o agenciamento Can\u00e7\u00e3o Nova enviando as seguintes informa\u00e7\u00f5es:<\/p>\n<p><strong>\u2022 Nome do evento<\/strong><br \/>\n<strong>\u2022 <\/strong><strong>Data<\/strong><br \/>\n<strong>\u2022 <\/strong><strong>Nome do mission\u00e1rio (padre, leigo, m\u00fasico, RVJ)<\/strong><br \/>\n<strong>\u2022 <\/strong><strong>Atividade que o mission\u00e1rio ir\u00e1 realizar<\/strong><br \/>\n<strong>\u2022 <\/strong><strong>Atividades:<\/strong> Santa Missa, prega\u00e7\u00e3o, Adora\u00e7\u00e3o ao Sant\u00edssimo, Shows, RVJ (din\u00e2micas, atividades radicais), Ter\u00e7o da Miseric\u00f3rdia, condu\u00e7\u00e3o em momentos de ora\u00e7\u00e3o.<\/p>\n<p><a href=\"https:\/\/bit.ly\/missaocn\" target=\"_blank\" rel=\"noopener\"><strong>:: Formul\u00e1rio para solicita\u00e7\u00e3o<\/strong><\/a><\/p>\n<p><a href=\"https:\/\/bit.ly\/missaocn\" target=\"_blank\" rel=\"noopener\"><img loading=\"lazy\" decoding=\"async\" class=\"alignnone  wp-image-51698\" src=\"https:\/\/img.cancaonova.com\/cnimages\/canais\/uploads\/sites\/14\/2018\/08\/Nosa-miss\u00e3o.png\" alt=\"\" width=\"659\" height=\"494\" srcset=\"https:\/\/img.cancaonova.com\/cnimages\/canais\/uploads\/sites\/14\/2018\/08\/Nosa-miss\u00e3o.png 600w, https:\/\/img.cancaonova.com\/cnimages\/canais\/uploads\/sites\/14\/2018\/08\/Nosa-miss\u00e3o-300x225.png 300w, https:\/\/img.cancaonova.com\/cnimages\/canais\/uploads\/sites\/14\/2018\/08\/Nosa-miss\u00e3o-360x270.png 360w, https:\/\/img.cancaonova.com\/cnimages\/canais\/uploads\/sites\/14\/2018\/08\/Nosa-miss\u00e3o-220x165.png 220w\" sizes=\"(max-width: 659px) 100vw, 659px\" \/><\/a><a href=\"https:\/\/www.youtube.com\/@eventoscn\/shorts\"><img loading=\"lazy\" decoding=\"async\" class=\"wp-image-70751 alignleft\" src=\"https:\/\/img.cancaonova.com\/cnimages\/canais\/uploads\/sites\/14\/2024\/07\/Banner-para-linkedin-com-circulos-minimalista-cinza-1.gif\" alt=\"\" width=\"652\" height=\"110\" \/><\/a><\/p>\n<p>&nbsp;<\/p>\n","protected":false},"excerpt":{"rendered":"<p>Entre em contato com o agenciamento Can\u00e7\u00e3o Nova enviando as seguintes informa\u00e7\u00f5es: \u2022 Nome do evento \u2022 Data \u2022 Nome do mission\u00e1rio (padre, leigo, m\u00fasico, RVJ) \u2022 Atividade que o mission\u00e1rio ir\u00e1 realizar \u2022 Atividades: Santa Missa, prega\u00e7\u00e3o, Adora\u00e7\u00e3o ao&#8230;<\/p>\n","protected":false},"author":13,"featured_media":51698,"parent":0,"menu_order":0,"comment_status":"open","ping_status":"closed","template":"","meta":{"_mi_skip_tracking":false,"_monsterinsights_sitenote_active":false,"_monsterinsights_sitenote_note":"","_monsterinsights_sitenote_category":0,"footnotes":""},"_links":{"self":[{"href":"https:\/\/admin-canais.cancaonova.com\/eventos\/wp-json\/wp\/v2\/pages\/46166"}],"collection":[{"href":"https:\/\/admin-canais.cancaonova.com\/eventos\/wp-json\/wp\/v2\/pages"}],"about":[{"href":"https:\/\/admin-canais.cancaonova.com\/eventos\/wp-json\/wp\/v2\/types\/page"}],"author":[{"embeddable":true,"href":"https:\/\/admin-canais.cancaonova.com\/eventos\/wp-json\/wp\/v2\/users\/13"}],"replies":[{"embeddable":true,"href":"https:\/\/admin-canais.cancaonova.com\/eventos\/wp-json\/wp\/v2\/comments?post=46166"}],"version-history":[{"count":46,"href":"https:\/\/admin-canais.cancaonova.com\/eventos\/wp-json\/wp\/v2\/pages\/46166\/revisions"}],"predecessor-version":[{"id":69354,"href":"https:\/\/admin-canais.cancaonova.com\/eventos\/wp-json\/wp\/v2\/pages\/46166\/revisions\/69354"}],"wp:featuredmedia":[{"embeddable":true,"href":"https:\/\/admin-canais.cancaonova.com\/eventos\/wp-json\/wp\/v2\/media\/51698"}],"wp:attachment":[{"href":"https:\/\/admin-canais.cancaonova.com\/eventos\/wp-json\/wp\/v2\/media?parent=46166"}],"curies":[{"name":"wp","href":"https:\/\/api.w.org\/{rel}","templated":true}]}}