{"id":71244,"date":"2024-09-19T10:31:58","date_gmt":"2024-09-19T13:31:58","guid":{"rendered":"https:\/\/admin-canais.cancaonova.com\/eventos\/?page_id=71244"},"modified":"2024-09-19T10:34:01","modified_gmt":"2024-09-19T13:34:01","slug":"hosana-brasil","status":"publish","type":"page","link":"https:\/\/admin-canais.cancaonova.com\/eventos\/hosana-brasil\/","title":{"rendered":"Hosana Brasil"},"content":{"rendered":"<p><b>Conhe\u00e7a o Novo Site do Hosana Brasil<\/b><\/p>\n<p><span style=\"font-weight: 400\">A Can\u00e7\u00e3o Nova tem a imensa alegria de convidar voc\u00ea para participar do Hosana Brasil, um dos maiores eventos realizados pela comunidade, que acontecer\u00e1 de 12 a 15 de dezembro.<\/span><\/p>\n<p><span style=\"font-weight: 400\">Este ano, o evento Hosana Brasil completa 20 anos de hist\u00f3ria, e para celebrar essa data lan\u00e7amos p\u00e1gina oficial<\/span> <a href=\"https:\/\/hosanabrasil.cancaonova.com\/home\/\"><span style=\"font-weight: 400\">hosanabrasil.cancaonova.com<\/span><\/a><span style=\"font-weight: 400\">\u00a0<\/p>\n<p>Nosso objetivo \u00e9 oferecer uma experi\u00eancia ainda mais completa, informativa e acess\u00edvel sobre esse encontro.<\/span><\/p>\n<p><span style=\"font-weight: 400\">No site, voc\u00ea confere a origem do nome Hosana Brasil e a hist\u00f3ria sobre a inaugura\u00e7\u00e3o do Centro de Evangeliza\u00e7\u00e3o Dom Jo\u00e3o Hip\u00f3lito de Moraes. H\u00e1 tamb\u00e9m uma galeria de fotos dos anos anteriores, com registros de prega\u00e7\u00e3o, ora\u00e7\u00e3o, passeio da barca e muito mais, permitindo que voc\u00ea reviva as experi\u00eancias marcantes que fazem parte da hist\u00f3ria do Hosana Brasil.<\/span><\/p>\n<p><a href=\"https:\/\/hosanabrasil.cancaonova.com\/\" target=\"_blank\" rel=\"noopener\"><strong>Clique aqui e saiba mais!<\/strong><\/a><\/p>\n<p><a href=\"https:\/\/hosanabrasil.cancaonova.com\/\"><img loading=\"lazy\" decoding=\"async\" class=\"alignnone wp-image-71242 size-full\" src=\"https:\/\/img.cancaonova.com\/cnimages\/canais\/uploads\/sites\/14\/2024\/09\/topo-site-eventos.jpg\" alt=\"\" width=\"960\" height=\"180\" srcset=\"https:\/\/img.cancaonova.com\/cnimages\/canais\/uploads\/sites\/14\/2024\/09\/topo-site-eventos.jpg 960w, https:\/\/img.cancaonova.com\/cnimages\/canais\/uploads\/sites\/14\/2024\/09\/topo-site-eventos-300x56.jpg 300w, https:\/\/img.cancaonova.com\/cnimages\/canais\/uploads\/sites\/14\/2024\/09\/topo-site-eventos-768x144.jpg 768w\" sizes=\"(max-width: 960px) 100vw, 960px\" \/><\/a><\/p>\n","protected":false},"excerpt":{"rendered":"<p>Conhe\u00e7a o Novo Site do Hosana Brasil A Can\u00e7\u00e3o Nova tem a imensa alegria de convidar voc\u00ea para participar do Hosana Brasil, um dos maiores eventos realizados pela comunidade, que acontecer\u00e1 de 12 a 15 de dezembro. Este ano, o&#8230;<\/p>\n","protected":false},"author":243,"featured_media":71242,"parent":0,"menu_order":0,"comment_status":"closed","ping_status":"closed","template":"","meta":{"_mi_skip_tracking":false,"_monsterinsights_sitenote_active":false,"_monsterinsights_sitenote_note":"","_monsterinsights_sitenote_category":0,"footnotes":""},"_links":{"self":[{"href":"https:\/\/admin-canais.cancaonova.com\/eventos\/wp-json\/wp\/v2\/pages\/71244"}],"collection":[{"href":"https:\/\/admin-canais.cancaonova.com\/eventos\/wp-json\/wp\/v2\/pages"}],"about":[{"href":"https:\/\/admin-canais.cancaonova.com\/eventos\/wp-json\/wp\/v2\/types\/page"}],"author":[{"embeddable":true,"href":"https:\/\/admin-canais.cancaonova.com\/eventos\/wp-json\/wp\/v2\/users\/243"}],"replies":[{"embeddable":true,"href":"https:\/\/admin-canais.cancaonova.com\/eventos\/wp-json\/wp\/v2\/comments?post=71244"}],"version-history":[{"count":3,"href":"https:\/\/admin-canais.cancaonova.com\/eventos\/wp-json\/wp\/v2\/pages\/71244\/revisions"}],"predecessor-version":[{"id":71248,"href":"https:\/\/admin-canais.cancaonova.com\/eventos\/wp-json\/wp\/v2\/pages\/71244\/revisions\/71248"}],"wp:featuredmedia":[{"embeddable":true,"href":"https:\/\/admin-canais.cancaonova.com\/eventos\/wp-json\/wp\/v2\/media\/71242"}],"wp:attachment":[{"href":"https:\/\/admin-canais.cancaonova.com\/eventos\/wp-json\/wp\/v2\/media?parent=71244"}],"curies":[{"name":"wp","href":"https:\/\/api.w.org\/{rel}","templated":true}]}}